{"id":3202,"date":"2024-02-20T15:09:36","date_gmt":"2024-02-20T14:09:36","guid":{"rendered":"https:\/\/www.selpdigital.com\/?page_id=3202"},"modified":"2025-10-09T15:49:09","modified_gmt":"2025-10-09T13:49:09","slug":"contactez-nous","status":"publish","type":"page","link":"https:\/\/www.selpdigital.com\/fr\/contactez-nous","title":{"rendered":"Contactez-nous"},"content":{"rendered":"\t\t<div data-elementor-type=\"wp-page\" data-elementor-id=\"3202\" class=\"elementor elementor-3202 elementor-1454\">\n\t\t\t\t\t\t<section class=\"elementor-section elementor-top-section elementor-element elementor-element-22e5f2f3 elementor-section-content-middle elementor-section-stretched elementor-section-boxed elementor-section-height-default elementor-section-height-default\" data-id=\"22e5f2f3\" data-element_type=\"section\" data-settings=\"{&quot;stretch_section&quot;:&quot;section-stretched&quot;}\">\n\t\t\t\t\t\t<div class=\"elementor-container elementor-column-gap-default\">\n\t\t\t\t\t<div class=\"aux-parallax-section elementor-column elementor-col-16 elementor-top-column elementor-element elementor-element-766bd1b0\" data-id=\"766bd1b0\" data-element_type=\"column\">\n\t\t\t<div class=\"elementor-widget-wrap elementor-element-populated\">\n\t\t\t\t\t\t<div class=\"elementor-element elementor-element-7880d4e9 elementor-widget elementor-widget-aux_logo\" data-id=\"7880d4e9\" data-element_type=\"widget\" data-widget_type=\"aux_logo.default\">\n\t\t\t\t<div class=\"elementor-widget-container\">\n\t\t\t\t\t<div class=\"aux-widget-logo\"><a class=\"aux-logo-anchor aux-has-logo\" title=\"SELP Digital\" href=\"https:\/\/www.selpdigital.com\/fr\"><img decoding=\"async\" width=\"113\" height=\"49\" src=\"https:\/\/www.selpdigital.com\/wp-content\/uploads\/2024\/03\/logo-selp-digital-svg.svg\" class=\"attachment-full size-full\" alt=\"\" \/><\/a><a class=\"aux-logo-anchor aux-logo-sticky aux-logo-hidden aux-has-logo\" title=\"SELP Digital\" href=\"https:\/\/www.selpdigital.com\/fr\"><img decoding=\"async\" width=\"113\" height=\"49\" src=\"https:\/\/www.selpdigital.com\/wp-content\/uploads\/2024\/03\/logo-selp-digital-svg.svg\" class=\"attachment-full size-full\" alt=\"\" \/><\/a><section class=\"aux-logo-text\"><h3 class=\"site-title\"><a href=\"https:\/\/www.selpdigital.com\/fr\" title=\"SELP Digital\">SELP Digital<\/a><\/h3><\/section><\/div>\t\t\t\t<\/div>\n\t\t\t\t<\/div>\n\t\t\t\t\t<\/div>\n\t\t<\/div>\n\t\t\t\t<div class=\"aux-parallax-section elementor-column elementor-col-66 elementor-top-column elementor-element elementor-element-4e3a9dfe\" data-id=\"4e3a9dfe\" data-element_type=\"column\">\n\t\t\t<div class=\"elementor-widget-wrap elementor-element-populated\">\n\t\t\t\t\t\t<div class=\"elementor-element elementor-element-5588fcbb elementor-widget elementor-widget-aux_menu_box\" data-id=\"5588fcbb\" data-element_type=\"widget\" data-widget_type=\"aux_menu_box.default\">\n\t\t\t\t<div class=\"elementor-widget-container\">\n\t\t\t\t\t<div class=\"aux-elementor-header-menu aux-nav-menu-element aux-nav-menu-element-5588fcbb\"><div class=\"aux-burger-box\" data-target-panel=\"overlay\" data-target-content=\".elementor-element-5588fcbb .aux-master-menu\"><div class=\"aux-burger aux-lite-small\"><span class=\"mid-line\"><\/span><\/div><\/div><!-- start master menu -->\n<nav id=\"master-menu-elementor-5588fcbb\" class=\"menu-menu-selp-fr-container\">\n\n\t<ul id=\"menu-menu-selp-fr\" class=\"aux-master-menu aux-no-js aux-skin-classic aux-with-indicator aux-horizontal\" data-type=\"horizontal\"  data-switch-type=\"toggle\" data-switch-parent=\".elementor-element-5588fcbb .aux-fs-popup .aux-fs-menu\" data-switch-width=\"1024\"  >\n\t\t<!-- start single menu -->\n\t\t<li id=\"menu-item-3254\" class=\"menu-item menu-item-type-post_type menu-item-object-page menu-item-home menu-item-3254 aux-menu-depth-0 aux-menu-root-1 aux-menu-item\">\n\t\t\t<a href=\"https:\/\/www.selpdigital.com\/fr\" class=\"aux-item-content\">\n\t\t\t\t<span class=\"aux-menu-label\">Accueil<\/span>\n\t\t\t<\/a>\n\t\t<\/li>\n\t\t<!-- end single menu -->\n\t\t<!-- start single menu -->\n\t\t<li id=\"menu-item-3259\" class=\"menu-item menu-item-type-post_type menu-item-object-page menu-item-3259 aux-menu-depth-0 aux-menu-root-2 aux-menu-item\">\n\t\t\t<a href=\"https:\/\/www.selpdigital.com\/fr\/programme-cartes-cadeaux\" class=\"aux-item-content\">\n\t\t\t\t<span class=\"aux-menu-label\">Programme de cartes-cadeaux<\/span>\n\t\t\t<\/a>\n\t\t<\/li>\n\t\t<!-- end single menu -->\n\t\t<!-- start single menu -->\n\t\t<li id=\"menu-item-3256\" class=\"menu-item menu-item-type-post_type menu-item-object-page menu-item-3256 aux-menu-depth-0 aux-menu-root-3 aux-menu-item\">\n\t\t\t<a href=\"https:\/\/www.selpdigital.com\/fr\/fidelite\" class=\"aux-item-content\">\n\t\t\t\t<span class=\"aux-menu-label\">Fid\u00e9lit\u00e9<\/span>\n\t\t\t<\/a>\n\t\t<\/li>\n\t\t<!-- end single menu -->\n\t\t<!-- start single menu -->\n\t\t<li id=\"menu-item-3258\" class=\"menu-item menu-item-type-post_type menu-item-object-page menu-item-3258 aux-menu-depth-0 aux-menu-root-4 aux-menu-item\">\n\t\t\t<a href=\"https:\/\/www.selpdigital.com\/fr\/local\" class=\"aux-item-content\">\n\t\t\t\t<span class=\"aux-menu-label\">Local<\/span>\n\t\t\t<\/a>\n\t\t<\/li>\n\t\t<!-- end single menu -->\n\t\t<!-- start single menu -->\n\t\t<li id=\"menu-item-3257\" class=\"menu-item menu-item-type-post_type menu-item-object-page menu-item-3257 aux-menu-depth-0 aux-menu-root-5 aux-menu-item\">\n\t\t\t<a href=\"https:\/\/www.selpdigital.com\/fr\/incitations-et-recompenses\" class=\"aux-item-content\">\n\t\t\t\t<span class=\"aux-menu-label\">Incitations et r\u00e9compenses<\/span>\n\t\t\t<\/a>\n\t\t<\/li>\n\t\t<!-- end single menu -->\n\n\t\t<!-- start submenu -->\n\t\t<li id=\"menu-item-wpml-ls-35-fr\" class=\"menu-item-language menu-item-language-current menu-item wpml-ls-slot-35 wpml-ls-item wpml-ls-item-fr wpml-ls-current-language wpml-ls-menu-item menu-item-type-wpml_ls_menu_item menu-item-object-wpml_ls_menu_item menu-item-has-children menu-item-wpml-ls-35-fr aux-menu-depth-0 aux-menu-root-6 aux-menu-item\">\n\t\t\t<a href=\"https:\/\/www.selpdigital.com\/fr\" class=\"aux-item-content\" aria-expanded=\"false\" aria-controls=\"wpml-ls-submenu-wpml-ls-35-fr\" aria-current=\"page\">\n\t\t\t\t<span class=\"aux-menu-label\"><span class=\"wpml-ls-native\" lang=\"fr\">FR<\/span><\/span>\n\t\t\t<\/a>\n\n\t\t<ul class=\"sub-menu aux-submenu\">\n\t\t\t<li id=\"menu-item-wpml-ls-35-en\" class=\"menu-item-language menu-item wpml-ls-slot-35 wpml-ls-item wpml-ls-item-en wpml-ls-menu-item wpml-ls-first-item menu-item-type-wpml_ls_menu_item menu-item-object-wpml_ls_menu_item menu-item-wpml-ls-35-en aux-menu-depth-1 aux-menu-item\">\n\t\t\t\t<a title=\"Passer \u00e0 EN\" href=\"https:\/\/www.selpdigital.com\/\" class=\"aux-item-content\" aria-label=\"Passer \u00e0 EN\">\n\t\t\t\t\t<span class=\"aux-menu-label\"><span class=\"wpml-ls-native\" lang=\"en\">EN<\/span><\/span>\n\t\t\t\t<\/a>\n\t\t\t<\/li>\n\t\t\t<li id=\"menu-item-wpml-ls-35-es\" class=\"menu-item-language menu-item wpml-ls-slot-35 wpml-ls-item wpml-ls-item-es wpml-ls-menu-item wpml-ls-last-item menu-item-type-wpml_ls_menu_item menu-item-object-wpml_ls_menu_item menu-item-wpml-ls-35-es aux-menu-depth-1 aux-menu-item\">\n\t\t\t\t<a title=\"Passer \u00e0 ES\" href=\"https:\/\/www.selpdigital.com\/es\" class=\"aux-item-content\" aria-label=\"Passer \u00e0 ES\">\n\t\t\t\t\t<span class=\"aux-menu-label\"><span class=\"wpml-ls-native\" lang=\"es\">ES<\/span><\/span>\n\t\t\t\t<\/a>\n\t\t\t<\/li>\n\t\t<\/ul>\n\t\t<\/li>\n\t\t<!-- end submenu -->\n\t<\/ul>\n\n<\/nav>\n<!-- end master menu -->\n<section class=\"aux-fs-popup aux-fs-menu-layout-center aux-indicator\"><div class=\"aux-panel-close\"><div class=\"aux-close aux-cross-symbol aux-thick-medium\"><\/div><\/div><div class=\"aux-fs-menu\" data-menu-title=\"\"><\/div><\/section><\/div><style>@media only screen and (min-width: 1025px) { .elementor-element-5588fcbb .aux-burger-box { display: none } }<\/style>\t\t\t\t<\/div>\n\t\t\t\t<\/div>\n\t\t\t\t\t<\/div>\n\t\t<\/div>\n\t\t\t\t<div class=\"aux-parallax-section elementor-column elementor-col-16 elementor-top-column elementor-element elementor-element-53a1ea92\" data-id=\"53a1ea92\" data-element_type=\"column\">\n\t\t\t<div class=\"elementor-widget-wrap elementor-element-populated\">\n\t\t\t\t\t\t<div class=\"elementor-element elementor-element-3957f60f elementor-widget elementor-widget-button\" data-id=\"3957f60f\" data-element_type=\"widget\" data-widget_type=\"button.default\">\n\t\t\t\t<div class=\"elementor-widget-container\">\n\t\t\t\t\t\t\t\t\t<div class=\"elementor-button-wrapper\">\n\t\t\t\t\t<a class=\"elementor-button elementor-button-link elementor-size-sm\" href=\"#\">\n\t\t\t\t\t\t<span class=\"elementor-button-content-wrapper\">\n\t\t\t\t\t\t\t\t\t<span class=\"elementor-button-text\">Lancez-vous !<\/span>\n\t\t\t\t\t<\/span>\n\t\t\t\t\t<\/a>\n\t\t\t\t<\/div>\n\t\t\t\t\t\t\t\t<\/div>\n\t\t\t\t<\/div>\n\t\t\t\t\t<\/div>\n\t\t<\/div>\n\t\t\t\t\t<\/div>\n\t\t<\/section>\n\t\t\t\t<section class=\"elementor-section elementor-top-section elementor-element elementor-element-71f2ca6 elementor-section-boxed elementor-section-height-default elementor-section-height-default\" data-id=\"71f2ca6\" data-element_type=\"section\">\n\t\t\t\t\t\t<div class=\"elementor-container elementor-column-gap-default\">\n\t\t\t\t\t<div class=\"aux-parallax-section elementor-column elementor-col-50 elementor-top-column elementor-element elementor-element-25c10df\" data-id=\"25c10df\" data-element_type=\"column\">\n\t\t\t<div class=\"elementor-widget-wrap elementor-element-populated\">\n\t\t\t\t\t\t<div class=\"elementor-element elementor-element-394b75d elementor-widget elementor-widget-image\" data-id=\"394b75d\" data-element_type=\"widget\" data-widget_type=\"image.default\">\n\t\t\t\t<div class=\"elementor-widget-container\">\n\t\t\t\t\t\t\t\t\t\t\t\t\t\t\t<img fetchpriority=\"high\" decoding=\"async\" width=\"559\" height=\"209\" src=\"https:\/\/www.selpdigital.com\/wp-content\/uploads\/2024\/02\/Rectangle-2844.png\" class=\"attachment-large size-large wp-image-2960\" alt=\"\" \/>\t\t\t\t\t\t\t\t\t\t\t\t\t\t\t<\/div>\n\t\t\t\t<\/div>\n\t\t\t\t<div class=\"elementor-element elementor-element-6e312d4 elementor-widget elementor-widget-aux_modern_heading\" data-id=\"6e312d4\" data-element_type=\"widget\" data-widget_type=\"aux_modern_heading.default\">\n\t\t\t\t<div class=\"elementor-widget-container\">\n\t\t\t\t\t<section class=\"aux-widget-modern-heading\">\n            <div class=\"aux-widget-inner\"><div class=\"aux-modern-heading-primary\">Contactez-nous par email ou par t\u00e9l\u00e9phone pour commencer votre aventure avec les cartes cadeaux !<\/div><div class=\"aux-modern-heading-divider\"><\/div><\/div>\n        <\/section>\t\t\t\t<\/div>\n\t\t\t\t<\/div>\n\t\t\t\t<div class=\"elementor-element elementor-element-548e740 elementor-widget elementor-widget-aux_text\" data-id=\"548e740\" data-element_type=\"widget\" data-widget_type=\"aux_text.default\">\n\t\t\t\t<div class=\"elementor-widget-container\">\n\t\t\t\t\t<section class=\"widget-container aux-widget-text aux-parent-au74b5718b\">        <div class=\"aux-widget-advanced-text aux-wrap-style-simple aux-ico-pos-left aux-text-center aux-text-resp- aux-text-color-dark aux-text-widget-bg-center aux-text-no-content aux-text-padding-fix \" >\n        \n                            <div class=\"aux-text-widget-header \"  >\n                        <div class=\"aux-ico-box aux-ico-large aux-ico-shape-circle aux-ico-clear \">\n                            <i aria-hidden=\"true\" class=\"aux-ico fas fa-phone-alt\"><\/i>                        <\/div>\n                <\/div>\n            \n            <div class=\"aux-text-inner aux-text-widget-content\">\n                                <h4 class=\"col-title\">+33 (0)1 42 81 48 02<\/h4>\n                            <\/div>\n        <\/div>\n                    <div class=\"aux-text-widget-footer\">\n                <div class=\"aux-border-shape-none \">\n                                <\/div>\n            <\/div>\n        \n<\/section><!-- widget-container -->\t\t\t\t<\/div>\n\t\t\t\t<\/div>\n\t\t\t\t<div class=\"elementor-element elementor-element-29c2b02 elementor-widget elementor-widget-aux_text\" data-id=\"29c2b02\" data-element_type=\"widget\" data-widget_type=\"aux_text.default\">\n\t\t\t\t<div class=\"elementor-widget-container\">\n\t\t\t\t\t<section class=\"widget-container aux-widget-text aux-parent-au7fc409ff\">        <div class=\"aux-widget-advanced-text aux-wrap-style-simple aux-ico-pos-left aux-text-center aux-text-resp- aux-text-color-dark aux-text-widget-bg-center aux-text-no-content aux-text-padding-fix \" >\n        \n                            <div class=\"aux-text-widget-header \"  >\n                        <div class=\"aux-ico-box aux-ico-large aux-ico-shape-circle aux-ico-clear \">\n                            <i aria-hidden=\"true\" class=\"aux-ico fas fa-envelope\"><\/i>                        <\/div>\n                <\/div>\n            \n            <div class=\"aux-text-inner aux-text-widget-content\">\n                                <h4 class=\"col-title\">hello@selpdigital.com<\/h4>\n                            <\/div>\n        <\/div>\n                    <div class=\"aux-text-widget-footer\">\n                <div class=\"aux-border-shape-none \">\n                                <\/div>\n            <\/div>\n        \n<\/section><!-- widget-container -->\t\t\t\t<\/div>\n\t\t\t\t<\/div>\n\t\t\t\t<div class=\"elementor-element elementor-element-1490fcd elementor-widget elementor-widget-aux_text\" data-id=\"1490fcd\" data-element_type=\"widget\" data-widget_type=\"aux_text.default\">\n\t\t\t\t<div class=\"elementor-widget-container\">\n\t\t\t\t\t<section class=\"widget-container aux-widget-text aux-parent-au3fa6e25f\">        <div class=\"aux-widget-advanced-text aux-wrap-style-simple aux-ico-pos-left aux-text-left aux-text-resp- aux-text-color-dark aux-text-widget-bg-center  aux-text-padding-fix \" >\n        \n                            <div class=\"aux-text-widget-header \"  >\n                        <div class=\"aux-ico-box aux-ico-large aux-ico-shape-circle aux-ico-clear \">\n                            <i aria-hidden=\"true\" class=\"aux-ico fas fa-user\"><\/i>                        <\/div>\n                <\/div>\n            \n            <div class=\"aux-text-inner aux-text-widget-content\">\n                                <h4 class=\"col-title\">Amerique du Nord<\/h4>\n                                <h5 class=\"col-subtitle\">CHADELAT Pierre<\/h5>\n\n                                <div class=\"widget-content\">\n                                        <p><a href=\"mailto:p.chadelat@selp.fr\">p.chadelat@selp.fr<\/a><\/p>                <\/div>\n                            <\/div>\n        <\/div>\n                    <div class=\"aux-text-widget-footer\">\n                <div class=\"aux-border-shape-none \">\n                                <\/div>\n            <\/div>\n        \n<\/section><!-- widget-container -->\t\t\t\t<\/div>\n\t\t\t\t<\/div>\n\t\t\t\t<div class=\"elementor-element elementor-element-cfe0a9e elementor-widget elementor-widget-aux_text\" data-id=\"cfe0a9e\" data-element_type=\"widget\" data-widget_type=\"aux_text.default\">\n\t\t\t\t<div class=\"elementor-widget-container\">\n\t\t\t\t\t<section class=\"widget-container aux-widget-text aux-parent-auea4c04ef\">        <div class=\"aux-widget-advanced-text aux-wrap-style-simple aux-ico-pos-left aux-text-left aux-text-resp- aux-text-color-dark aux-text-widget-bg-center  aux-text-padding-fix \" >\n        \n                            <div class=\"aux-text-widget-header \"  >\n                        <div class=\"aux-ico-box aux-ico-large aux-ico-shape-circle aux-ico-clear \">\n                            <i aria-hidden=\"true\" class=\"aux-ico fas fa-user\"><\/i>                        <\/div>\n                <\/div>\n            \n            <div class=\"aux-text-inner aux-text-widget-content\">\n                                <h4 class=\"col-title\">Europe<\/h4>\n                                <h5 class=\"col-subtitle\">AZAGURY Edward<\/h5>\n\n                                <div class=\"widget-content\">\n                                        <p>e.azagury@selp.fr<\/p>                <\/div>\n                            <\/div>\n        <\/div>\n                    <div class=\"aux-text-widget-footer\">\n                <div class=\"aux-border-shape-none \">\n                                <\/div>\n            <\/div>\n        \n<\/section><!-- widget-container -->\t\t\t\t<\/div>\n\t\t\t\t<\/div>\n\t\t\t\t\t<\/div>\n\t\t<\/div>\n\t\t\t\t<div class=\"aux-parallax-section elementor-column elementor-col-50 elementor-top-column elementor-element elementor-element-4dcdff2\" data-id=\"4dcdff2\" data-element_type=\"column\">\n\t\t\t<div class=\"elementor-widget-wrap elementor-element-populated\">\n\t\t\t\t\t\t<div class=\"elementor-element elementor-element-f710c14 elementor-widget elementor-widget-heading\" data-id=\"f710c14\" data-element_type=\"widget\" data-widget_type=\"heading.default\">\n\t\t\t\t<div class=\"elementor-widget-container\">\n\t\t\t\t\t<h2 class=\"elementor-heading-title elementor-size-default\">Contactez-nous<\/h2>\t\t\t\t<\/div>\n\t\t\t\t<\/div>\n\t\t\t\t<div class=\"elementor-element elementor-element-6272f73 elementor-widget elementor-widget-aux_modern_heading\" data-id=\"6272f73\" data-element_type=\"widget\" data-widget_type=\"aux_modern_heading.default\">\n\t\t\t\t<div class=\"elementor-widget-container\">\n\t\t\t\t\t<section class=\"aux-widget-modern-heading\">\n            <div class=\"aux-widget-inner\"><div class=\"aux-modern-heading-primary\">Utilisez notre formulaire pour nous adresser votre demande, nous vous r\u00e9pondrons dans les meilleurs d\u00e9lais.\u00a0<\/div><div class=\"aux-modern-heading-divider\"><\/div><\/div>\n        <\/section>\t\t\t\t<\/div>\n\t\t\t\t<\/div>\n\t\t\t\t\t<\/div>\n\t\t<\/div>\n\t\t\t\t\t<\/div>\n\t\t<\/section>\n\t\t\t\t<section class=\"elementor-section elementor-top-section elementor-element elementor-element-4b8d70f0 elementor-section-content-bottom elementor-section-boxed elementor-section-height-default elementor-section-height-default\" data-id=\"4b8d70f0\" data-element_type=\"section\" data-settings=\"{&quot;background_background&quot;:&quot;classic&quot;}\">\n\t\t\t\t\t\t<div class=\"elementor-container elementor-column-gap-default\">\n\t\t\t\t\t<div class=\"aux-parallax-section elementor-column elementor-col-50 elementor-top-column elementor-element elementor-element-67c94a09\" data-id=\"67c94a09\" data-element_type=\"column\">\n\t\t\t<div class=\"elementor-widget-wrap elementor-element-populated\">\n\t\t\t\t\t\t<div class=\"elementor-element elementor-element-6ebbc0d6 elementor-widget elementor-widget-aux_modern_heading\" data-id=\"6ebbc0d6\" data-element_type=\"widget\" data-widget_type=\"aux_modern_heading.default\">\n\t\t\t\t<div class=\"elementor-widget-container\">\n\t\t\t\t\t<section class=\"aux-widget-modern-heading\">\n            <div class=\"aux-widget-inner\"><h2 class=\"aux-modern-heading-primary\"><\/h2><h3 class=\"aux-modern-heading-secondary\"><span class=\"aux-head-before\">D\u00e9couvrez comment les cartes-cadeaux influencent le comportement des <\/span><span class=\"aux-head-highlight\">acheteurs<\/span><\/h3><div class=\"aux-modern-heading-description\"><p><span style=\"font-weight: 400\">D\u00e9couvrez pourquoi 94 % des clients se sentent plus engag\u00e9s aupr\u00e8s d'une marque lorsqu'ils ach\u00e8tent avec une carte-cadeau.<\/span><\/p><p><span style=\"font-weight: 400\">\u00c9tude internationale men\u00e9e par SELP en Europe et aux \u00c9tats-Unis.<\/span><\/p><p><span style=\"font-weight: 400\">Des chiffres cl\u00e9s pour le secteur !<\/span><\/p><\/div><\/div>\n        <\/section>\t\t\t\t<\/div>\n\t\t\t\t<\/div>\n\t\t\t\t\t<\/div>\n\t\t<\/div>\n\t\t\t\t<div class=\"aux-parallax-section elementor-column elementor-col-50 elementor-top-column elementor-element elementor-element-5e4c39c7\" data-id=\"5e4c39c7\" data-element_type=\"column\" data-settings=\"{&quot;background_background&quot;:&quot;slideshow&quot;,&quot;background_slideshow_gallery&quot;:[{&quot;id&quot;:3004,&quot;url&quot;:&quot;https:\\\/\\\/www.selpdigital.com\\\/wp-content\\\/uploads\\\/2024\\\/02\\\/Group-2053.png&quot;}],&quot;background_slideshow_loop&quot;:&quot;yes&quot;,&quot;background_slideshow_slide_duration&quot;:5000,&quot;background_slideshow_slide_transition&quot;:&quot;fade&quot;,&quot;background_slideshow_transition_duration&quot;:500}\">\n\t\t\t<div class=\"elementor-widget-wrap elementor-element-populated\">\n\t\t\t\t\t\t<div class=\"elementor-element elementor-element-6d8a024 elementor-widget elementor-widget-heading\" data-id=\"6d8a024\" data-element_type=\"widget\" data-widget_type=\"heading.default\">\n\t\t\t\t<div class=\"elementor-widget-container\">\n\t\t\t\t\t<h2 class=\"elementor-heading-title elementor-size-default\">Demandez notre \u00e9tude<\/h2>\t\t\t\t<\/div>\n\t\t\t\t<\/div>\n\t\t\t\t<div class=\"elementor-element elementor-element-dbc8920 elementor-widget elementor-widget-aux_modern_heading\" data-id=\"dbc8920\" data-element_type=\"widget\" data-widget_type=\"aux_modern_heading.default\">\n\t\t\t\t<div class=\"elementor-widget-container\">\n\t\t\t\t\t<section class=\"aux-widget-modern-heading\">\n            <div class=\"aux-widget-inner\"><div class=\"aux-modern-heading-primary\">Vous la recevrez dans les 48 heures.<\/div><div class=\"aux-modern-heading-divider\"><\/div><\/div>\n        <\/section>\t\t\t\t<\/div>\n\t\t\t\t<\/div>\n\t\t\t\t\t<\/div>\n\t\t<\/div>\n\t\t\t\t\t<\/div>\n\t\t<\/section>\n\t\t\t\t<\/div>\n\t\t","protected":false},"excerpt":{"rendered":"<p>SELP Digital There are no menu items in this menu. Lancez-vous ! Contactez-nous par email ou par t\u00e9l\u00e9phone pour commencer votre aventure avec les cartes cadeaux ! +33 (0)1 42 81 48 02 hello@selpdigital.com Amerique du Nord CHADELAT Pierre p.chadelat@selp.fr Europe AZAGURY Edward e.azagury@selp.fr Contactez-nous Utilisez notre formulaire pour nous adresser votre demande, nous vous [&hellip;]<\/p>\n","protected":false},"author":2,"featured_media":0,"parent":0,"menu_order":0,"comment_status":"closed","ping_status":"closed","template":"","meta":{"om_disable_all_campaigns":false,"_monsterinsights_skip_tracking":false,"_monsterinsights_sitenote_active":false,"_monsterinsights_sitenote_note":"","_monsterinsights_sitenote_category":0,"_uf_show_specific_survey":0,"_uf_disable_surveys":false,"footnotes":""},"aioseo_notices":[],"rttpg_featured_image_url":null,"rttpg_author":{"display_name":"Perrine","author_link":"https:\/\/www.selpdigital.com\/fr\/author\/perrineles-cerises-com"},"rttpg_comment":0,"rttpg_category":" <a href=\"https:\/\/www.selpdigital.com\/?taxonomy=translation_priority&#038;term=optional\" rel=\"tag\">Optional<\/a>","rttpg_excerpt":"SELP Digital There are no menu items in this menu. Lancez-vous ! Contactez-nous par email ou par t\u00e9l\u00e9phone pour commencer votre aventure avec les cartes cadeaux ! +33 (0)1 42 81 48 02 hello@selpdigital.com Amerique du Nord CHADELAT Pierre p.chadelat@selp.fr Europe AZAGURY Edward e.azagury@selp.fr Contactez-nous Utilisez notre formulaire pour nous adresser votre demande, nous vous\u2026","_links":{"self":[{"href":"https:\/\/www.selpdigital.com\/fr\/wp-json\/wp\/v2\/pages\/3202"}],"collection":[{"href":"https:\/\/www.selpdigital.com\/fr\/wp-json\/wp\/v2\/pages"}],"about":[{"href":"https:\/\/www.selpdigital.com\/fr\/wp-json\/wp\/v2\/types\/page"}],"author":[{"embeddable":true,"href":"https:\/\/www.selpdigital.com\/fr\/wp-json\/wp\/v2\/users\/2"}],"replies":[{"embeddable":true,"href":"https:\/\/www.selpdigital.com\/fr\/wp-json\/wp\/v2\/comments?post=3202"}],"version-history":[{"count":61,"href":"https:\/\/www.selpdigital.com\/fr\/wp-json\/wp\/v2\/pages\/3202\/revisions"}],"predecessor-version":[{"id":3661,"href":"https:\/\/www.selpdigital.com\/fr\/wp-json\/wp\/v2\/pages\/3202\/revisions\/3661"}],"wp:attachment":[{"href":"https:\/\/www.selpdigital.com\/fr\/wp-json\/wp\/v2\/media?parent=3202"}],"curies":[{"name":"wp","href":"https:\/\/api.w.org\/{rel}","templated":true}]}}